{"id":998,"date":"2024-08-15T02:28:33","date_gmt":"2024-08-15T02:28:33","guid":{"rendered":"https:\/\/africadsnetwork.org\/?page_id=998"},"modified":"2024-09-11T12:15:49","modified_gmt":"2024-09-11T12:15:49","slug":"resources","status":"publish","type":"page","link":"https:\/\/africadsnetwork.org\/fr\/resources\/","title":{"rendered":"Ressources"},"content":{"rendered":"<div data-elementor-type=\"wp-page\" data-elementor-id=\"998\" class=\"elementor elementor-998\" data-elementor-post-type=\"page\">\n\t\t\t\t<div class=\"elementor-element elementor-element-3c71ac1e e-flex e-con-boxed e-con e-parent\" data-id=\"3c71ac1e\" data-element_type=\"container\" data-settings=\"{&quot;background_background&quot;:&quot;classic&quot;}\">\n\t\t\t\t\t<div class=\"e-con-inner\">\n\t\t<div class=\"elementor-element elementor-element-9e22853 e-con-full e-flex e-con e-child\" data-id=\"9e22853\" data-element_type=\"container\" data-settings=\"{&quot;background_background&quot;:&quot;classic&quot;}\">\n\t\t\t\t<div class=\"elementor-element elementor-element-89eb7dc elementor-invisible elementor-widget elementor-widget-heading\" data-id=\"89eb7dc\" data-element_type=\"widget\" data-settings=\"{&quot;_animation&quot;:&quot;fadeInDown&quot;,&quot;_animation_delay&quot;:200}\" data-widget_type=\"heading.default\">\n\t\t\t\t<div class=\"elementor-widget-container\">\n\t\t\t\t\t<h2 class=\"elementor-heading-title elementor-size-default\">Fournir des outils num\u00e9riques pour renforcer votre minist\u00e8re<\/h2>\t\t\t\t<\/div>\n\t\t\t\t<\/div>\n\t\t\t\t<div class=\"elementor-element elementor-element-28363f5 elementor-invisible elementor-widget elementor-widget-heading\" data-id=\"28363f5\" data-element_type=\"widget\" data-settings=\"{&quot;_animation&quot;:&quot;fadeInUp&quot;,&quot;_animation_delay&quot;:300}\" data-widget_type=\"heading.default\">\n\t\t\t\t<div class=\"elementor-widget-container\">\n\t\t\t\t\t<div class=\"elementor-heading-title elementor-size-default\">Acc\u00e9dez \u00e0 des ressources qui vous aident \u00e0 atteindre plus de personnes, \u00e0 discipliner efficacement et \u00e0 faire cro\u00eetre votre minist\u00e8re avec les derni\u00e8res strat\u00e9gies num\u00e9riques. Nos outils et guides s\u00e9lectionn\u00e9s sont con\u00e7us pour rendre votre travail plus facile et plus impactant.<\/div>\t\t\t\t<\/div>\n\t\t\t\t<\/div>\n\t\t\t\t<\/div>\n\t\t\t\t\t<\/div>\n\t\t\t\t<\/div>\n\t\t<div class=\"elementor-element elementor-element-74977b11 e-flex e-con-boxed e-con e-parent\" data-id=\"74977b11\" data-element_type=\"container\" data-settings=\"{&quot;background_background&quot;:&quot;classic&quot;}\">\n\t\t\t\t\t<div class=\"e-con-inner\">\n\t\t<div class=\"elementor-element elementor-element-4cbdceff e-flex e-con-boxed e-con e-child\" data-id=\"4cbdceff\" data-element_type=\"container\">\n\t\t\t\t\t<div class=\"e-con-inner\">\n\t\t\t\t<div class=\"elementor-element elementor-element-7dafe69f elementor-widget elementor-widget-heading\" data-id=\"7dafe69f\" data-element_type=\"widget\" data-widget_type=\"heading.default\">\n\t\t\t\t<div class=\"elementor-widget-container\">\n\t\t\t\t\t<h2 class=\"elementor-heading-title elementor-size-default\">Liste des Ressources<\/h2>\t\t\t\t<\/div>\n\t\t\t\t<\/div>\n\t\t\t\t\t<\/div>\n\t\t\t\t<\/div>\n\t\t<div class=\"elementor-element elementor-element-5aec7033 e-flex e-con-boxed elementor-invisible e-con e-child\" data-id=\"5aec7033\" data-element_type=\"container\" data-settings=\"{&quot;animation&quot;:&quot;fadeIn&quot;,&quot;animation_delay&quot;:200}\">\n\t\t\t\t\t<div class=\"e-con-inner\">\n\t\t<div class=\"elementor-element elementor-element-1780c367 e-con-full e-flex e-con e-child\" data-id=\"1780c367\" data-element_type=\"container\">\n\t\t<div class=\"elementor-element elementor-element-15346168 e-flex e-con-boxed e-con e-child\" data-id=\"15346168\" data-element_type=\"container\" data-settings=\"{&quot;background_background&quot;:&quot;classic&quot;}\">\n\t\t\t\t\t<div class=\"e-con-inner\">\n\t\t\t\t<div class=\"elementor-element elementor-element-cd279f6 elementor-flip-box--3d elementor-flip-box--effect-flip elementor-flip-box--direction-up elementor-widget elementor-widget-flip-box\" data-id=\"cd279f6\" data-element_type=\"widget\" data-widget_type=\"flip-box.default\">\n\t\t\t\t<div class=\"elementor-widget-container\">\n\t\t\t\t\t\t\t<div class=\"elementor-flip-box\" tabindex=\"0\">\r\n\t\t\t<div class=\"elementor-flip-box__layer elementor-flip-box__front\">\r\n\t\t\t\t<div class=\"elementor-flip-box__layer__overlay\">\r\n\t\t\t\t\t<div class=\"elementor-flip-box__layer__inner\">\r\n\t\t\t\t\t\t\t\t\t\t\t\t\t<div class=\"elementor-flip-box__image\">\r\n\t\t\t\t\t\t\t\t<img decoding=\"async\" width=\"336\" height=\"122\" src=\"https:\/\/africadsnetwork.org\/wp-content\/uploads\/2024\/08\/jfp-logo-red-1.webp\" class=\"attachment-full size-full wp-image-1104\" alt=\"\" srcset=\"https:\/\/africadsnetwork.org\/wp-content\/uploads\/2024\/08\/jfp-logo-red-1.webp 336w, https:\/\/africadsnetwork.org\/wp-content\/uploads\/2024\/08\/jfp-logo-red-1-300x109.webp 300w\" sizes=\"(max-width: 336px) 100vw, 336px\" \/>\t\t\t\t\t\t\t<\/div>\r\n\t\t\t\t\t\t\r\n\t\t\t\t\t\t\r\n\t\t\t\t\t\t\t\t\t\t\t<\/div>\r\n\t\t\t\t<\/div>\r\n\t\t\t<\/div>\r\n\t\t\t<div class=\"elementor-flip-box__layer elementor-flip-box__back\">\r\n\t\t\t<div class=\"elementor-flip-box__layer__overlay\">\r\n\t\t\t\t<div class=\"elementor-flip-box__layer__inner\">\r\n\t\t\t\t\t\t\t\t\t\t\t<h3 class=\"elementor-flip-box__layer__title\">\r\n\t\t\t\t\t\t\tJesusFilm Project\t\t\t\t\t\t<\/h3>\r\n\t\t\t\t\t\r\n\t\t\t\t\t\r\n\t\t\t\t\t\t\t\t\t\t\t<a class=\"elementor-flip-box__button elementor-button elementor-size-sm\" href=\"https:\/\/www.jesusfilm.org\/\" target=\"_blank\" rel=\"noopener\">\r\n\t\t\t\t\t\t\tEn savoir plus\t\t\t\t\t\t<\/a>\r\n\t\t\t\t\t\t\t\t<\/div>\r\n\t\t<\/div>\r\n\t\t<\/div>\r\n\t\t<\/div>\r\n\t\t\t\t\t\t<\/div>\n\t\t\t\t<\/div>\n\t\t\t\t\t<\/div>\n\t\t\t\t<\/div>\n\t\t\t\t<\/div>\n\t\t<div class=\"elementor-element elementor-element-3fec5a2 e-con-full e-flex e-con e-child\" data-id=\"3fec5a2\" data-element_type=\"container\">\n\t\t<div class=\"elementor-element elementor-element-2706dd9 e-flex e-con-boxed e-con e-child\" data-id=\"2706dd9\" data-element_type=\"container\" data-settings=\"{&quot;background_background&quot;:&quot;classic&quot;}\">\n\t\t\t\t\t<div class=\"e-con-inner\">\n\t\t\t\t<div class=\"elementor-element elementor-element-027d7e3 elementor-flip-box--3d elementor-flip-box--effect-flip elementor-flip-box--direction-up elementor-widget elementor-widget-flip-box\" data-id=\"027d7e3\" data-element_type=\"widget\" data-widget_type=\"flip-box.default\">\n\t\t\t\t<div class=\"elementor-widget-container\">\n\t\t\t\t\t\t\t<div class=\"elementor-flip-box\" tabindex=\"0\">\r\n\t\t\t<div class=\"elementor-flip-box__layer elementor-flip-box__front\">\r\n\t\t\t\t<div class=\"elementor-flip-box__layer__overlay\">\r\n\t\t\t\t\t<div class=\"elementor-flip-box__layer__inner\">\r\n\t\t\t\t\t\t\t\t\t\t\t\t\t<div class=\"elementor-flip-box__image\">\r\n\t\t\t\t\t\t\t\t<img decoding=\"async\" width=\"180\" height=\"60\" src=\"https:\/\/africadsnetwork.org\/wp-content\/uploads\/2024\/08\/mDiscipleship_logo_web.png\" class=\"attachment-full size-full wp-image-1105\" alt=\"\" \/>\t\t\t\t\t\t\t<\/div>\r\n\t\t\t\t\t\t\r\n\t\t\t\t\t\t\r\n\t\t\t\t\t\t\t\t\t\t\t<\/div>\r\n\t\t\t\t<\/div>\r\n\t\t\t<\/div>\r\n\t\t\t<div class=\"elementor-flip-box__layer elementor-flip-box__back\">\r\n\t\t\t<div class=\"elementor-flip-box__layer__overlay\">\r\n\t\t\t\t<div class=\"elementor-flip-box__layer__inner\">\r\n\t\t\t\t\t\t\t\t\t\t\t<h3 class=\"elementor-flip-box__layer__title\">\r\n\t\t\t\t\t\t\tmDescipleship\t\t\t\t\t\t<\/h3>\r\n\t\t\t\t\t\r\n\t\t\t\t\t\r\n\t\t\t\t\t\t\t\t\t\t\t<a class=\"elementor-flip-box__button elementor-button elementor-size-sm\" href=\"https:\/\/www.mdiscipleship.net\/\" target=\"_blank\" rel=\"noopener\">\r\n\t\t\t\t\t\t\tEn savoir plus\t\t\t\t\t\t<\/a>\r\n\t\t\t\t\t\t\t\t<\/div>\r\n\t\t<\/div>\r\n\t\t<\/div>\r\n\t\t<\/div>\r\n\t\t\t\t\t\t<\/div>\n\t\t\t\t<\/div>\n\t\t\t\t\t<\/div>\n\t\t\t\t<\/div>\n\t\t\t\t<\/div>\n\t\t<div class=\"elementor-element elementor-element-e073579 e-con-full e-flex e-con e-child\" data-id=\"e073579\" data-element_type=\"container\">\n\t\t<div class=\"elementor-element elementor-element-b513cb3 e-flex e-con-boxed e-con e-child\" data-id=\"b513cb3\" data-element_type=\"container\" data-settings=\"{&quot;background_background&quot;:&quot;classic&quot;}\">\n\t\t\t\t\t<div class=\"e-con-inner\">\n\t\t\t\t<div class=\"elementor-element elementor-element-15a3208 elementor-flip-box--3d elementor-flip-box--effect-flip elementor-flip-box--direction-up elementor-widget elementor-widget-flip-box\" data-id=\"15a3208\" data-element_type=\"widget\" data-widget_type=\"flip-box.default\">\n\t\t\t\t<div class=\"elementor-widget-container\">\n\t\t\t\t\t\t\t<div class=\"elementor-flip-box\" tabindex=\"0\">\r\n\t\t\t<div class=\"elementor-flip-box__layer elementor-flip-box__front\">\r\n\t\t\t\t<div class=\"elementor-flip-box__layer__overlay\">\r\n\t\t\t\t\t<div class=\"elementor-flip-box__layer__inner\">\r\n\t\t\t\t\t\t\t\t\t\t\t\t\t<div class=\"elementor-flip-box__image\">\r\n\t\t\t\t\t\t\t\t<img decoding=\"async\" width=\"400\" height=\"105\" src=\"https:\/\/africadsnetwork.org\/wp-content\/uploads\/2024\/08\/logo-godtools-landscape.png\" class=\"attachment-full size-full wp-image-1103\" alt=\"\" srcset=\"https:\/\/africadsnetwork.org\/wp-content\/uploads\/2024\/08\/logo-godtools-landscape.png 400w, https:\/\/africadsnetwork.org\/wp-content\/uploads\/2024\/08\/logo-godtools-landscape-300x79.png 300w\" sizes=\"(max-width: 400px) 100vw, 400px\" \/>\t\t\t\t\t\t\t<\/div>\r\n\t\t\t\t\t\t\r\n\t\t\t\t\t\t\r\n\t\t\t\t\t\t\t\t\t\t\t<\/div>\r\n\t\t\t\t<\/div>\r\n\t\t\t<\/div>\r\n\t\t\t<div class=\"elementor-flip-box__layer elementor-flip-box__back\">\r\n\t\t\t<div class=\"elementor-flip-box__layer__overlay\">\r\n\t\t\t\t<div class=\"elementor-flip-box__layer__inner\">\r\n\t\t\t\t\t\t\t\t\t\t\t<h3 class=\"elementor-flip-box__layer__title\">\r\n\t\t\t\t\t\t\tGodTools\t\t\t\t\t\t<\/h3>\r\n\t\t\t\t\t\r\n\t\t\t\t\t\r\n\t\t\t\t\t\t\t\t\t\t\t<a class=\"elementor-flip-box__button elementor-button elementor-size-sm\" href=\"https:\/\/godtoolsapp.com\/\" target=\"_blank\" rel=\"noopener\">\r\n\t\t\t\t\t\t\tEn savoir plus\t\t\t\t\t\t<\/a>\r\n\t\t\t\t\t\t\t\t<\/div>\r\n\t\t<\/div>\r\n\t\t<\/div>\r\n\t\t<\/div>\r\n\t\t\t\t\t\t<\/div>\n\t\t\t\t<\/div>\n\t\t\t\t\t<\/div>\n\t\t\t\t<\/div>\n\t\t\t\t<\/div>\n\t\t<div class=\"elementor-element elementor-element-385f4d2 e-con-full e-flex e-con e-child\" data-id=\"385f4d2\" data-element_type=\"container\">\n\t\t<div class=\"elementor-element elementor-element-f9c477e e-flex e-con-boxed e-con e-child\" data-id=\"f9c477e\" data-element_type=\"container\" data-settings=\"{&quot;background_background&quot;:&quot;classic&quot;}\">\n\t\t\t\t\t<div class=\"e-con-inner\">\n\t\t\t\t<div class=\"elementor-element elementor-element-f334f66 elementor-flip-box--3d elementor-flip-box--effect-flip elementor-flip-box--direction-up elementor-widget elementor-widget-flip-box\" data-id=\"f334f66\" data-element_type=\"widget\" data-widget_type=\"flip-box.default\">\n\t\t\t\t<div class=\"elementor-widget-container\">\n\t\t\t\t\t\t\t<div class=\"elementor-flip-box\" tabindex=\"0\">\r\n\t\t\t<div class=\"elementor-flip-box__layer elementor-flip-box__front\">\r\n\t\t\t\t<div class=\"elementor-flip-box__layer__overlay\">\r\n\t\t\t\t\t<div class=\"elementor-flip-box__layer__inner\">\r\n\t\t\t\t\t\t\t\t\t\t\t\t\t<div class=\"elementor-flip-box__image\">\r\n\t\t\t\t\t\t\t\t<img loading=\"lazy\" decoding=\"async\" width=\"320\" height=\"132\" src=\"https:\/\/africadsnetwork.org\/wp-content\/uploads\/2024\/08\/gotquestions_logo.png\" class=\"attachment-full size-full wp-image-1106\" alt=\"\" srcset=\"https:\/\/africadsnetwork.org\/wp-content\/uploads\/2024\/08\/gotquestions_logo.png 320w, https:\/\/africadsnetwork.org\/wp-content\/uploads\/2024\/08\/gotquestions_logo-300x124.png 300w\" sizes=\"(max-width: 320px) 100vw, 320px\" \/>\t\t\t\t\t\t\t<\/div>\r\n\t\t\t\t\t\t\r\n\t\t\t\t\t\t\r\n\t\t\t\t\t\t\t\t\t\t\t<\/div>\r\n\t\t\t\t<\/div>\r\n\t\t\t<\/div>\r\n\t\t\t<div class=\"elementor-flip-box__layer elementor-flip-box__back\">\r\n\t\t\t<div class=\"elementor-flip-box__layer__overlay\">\r\n\t\t\t\t<div class=\"elementor-flip-box__layer__inner\">\r\n\t\t\t\t\t\t\t\t\t\t\t<h3 class=\"elementor-flip-box__layer__title\">\r\n\t\t\t\t\t\t\tGotQuestions\t\t\t\t\t\t<\/h3>\r\n\t\t\t\t\t\r\n\t\t\t\t\t\r\n\t\t\t\t\t\t\t\t\t\t\t<a class=\"elementor-flip-box__button elementor-button elementor-size-sm\" href=\"https:\/\/www.gotquestions.org\/\" target=\"_blank\" rel=\"noopener\">\r\n\t\t\t\t\t\t\tEn savoir plus\t\t\t\t\t\t<\/a>\r\n\t\t\t\t\t\t\t\t<\/div>\r\n\t\t<\/div>\r\n\t\t<\/div>\r\n\t\t<\/div>\r\n\t\t\t\t\t\t<\/div>\n\t\t\t\t<\/div>\n\t\t\t\t\t<\/div>\n\t\t\t\t<\/div>\n\t\t\t\t<\/div>\n\t\t<div class=\"elementor-element elementor-element-ef9652f e-con-full e-flex e-con e-child\" data-id=\"ef9652f\" data-element_type=\"container\">\n\t\t<div class=\"elementor-element elementor-element-8dd91be e-flex e-con-boxed e-con e-child\" data-id=\"8dd91be\" data-element_type=\"container\" data-settings=\"{&quot;background_background&quot;:&quot;classic&quot;}\">\n\t\t\t\t\t<div class=\"e-con-inner\">\n\t\t\t\t<div class=\"elementor-element elementor-element-8aeb39d elementor-flip-box--3d elementor-flip-box--effect-flip elementor-flip-box--direction-up elementor-widget elementor-widget-flip-box\" data-id=\"8aeb39d\" data-element_type=\"widget\" data-widget_type=\"flip-box.default\">\n\t\t\t\t<div class=\"elementor-widget-container\">\n\t\t\t\t\t\t\t<div class=\"elementor-flip-box\" tabindex=\"0\">\r\n\t\t\t<div class=\"elementor-flip-box__layer elementor-flip-box__front\">\r\n\t\t\t\t<div class=\"elementor-flip-box__layer__overlay\">\r\n\t\t\t\t\t<div class=\"elementor-flip-box__layer__inner\">\r\n\t\t\t\t\t\t\t\t\t\t\t\t\t<div class=\"elementor-flip-box__image\">\r\n\t\t\t\t\t\t\t\t<img loading=\"lazy\" decoding=\"async\" width=\"742\" height=\"98\" src=\"https:\/\/africadsnetwork.org\/wp-content\/uploads\/2024\/08\/everystudent-logo2023a.svg\" class=\"attachment-full size-full wp-image-1142\" alt=\"\" \/>\t\t\t\t\t\t\t<\/div>\r\n\t\t\t\t\t\t\r\n\t\t\t\t\t\t\r\n\t\t\t\t\t\t\t\t\t\t\t<\/div>\r\n\t\t\t\t<\/div>\r\n\t\t\t<\/div>\r\n\t\t\t<div class=\"elementor-flip-box__layer elementor-flip-box__back\">\r\n\t\t\t<div class=\"elementor-flip-box__layer__overlay\">\r\n\t\t\t\t<div class=\"elementor-flip-box__layer__inner\">\r\n\t\t\t\t\t\t\t\t\t\t\t<h3 class=\"elementor-flip-box__layer__title\">\r\n\t\t\t\t\t\t\tEveryStudent\t\t\t\t\t\t<\/h3>\r\n\t\t\t\t\t\r\n\t\t\t\t\t\r\n\t\t\t\t\t\t\t\t\t\t\t<a class=\"elementor-flip-box__button elementor-button elementor-size-sm\" href=\"https:\/\/www.everystudent.com\/\" target=\"_blank\" rel=\"noopener\">\r\n\t\t\t\t\t\t\tEn savoir plus\t\t\t\t\t\t<\/a>\r\n\t\t\t\t\t\t\t\t<\/div>\r\n\t\t<\/div>\r\n\t\t<\/div>\r\n\t\t<\/div>\r\n\t\t\t\t\t\t<\/div>\n\t\t\t\t<\/div>\n\t\t\t\t\t<\/div>\n\t\t\t\t<\/div>\n\t\t\t\t<\/div>\n\t\t<div class=\"elementor-element elementor-element-e253843 e-con-full e-flex e-con e-child\" data-id=\"e253843\" data-element_type=\"container\">\n\t\t<div class=\"elementor-element elementor-element-c5e9e2f e-flex e-con-boxed e-con e-child\" data-id=\"c5e9e2f\" data-element_type=\"container\" data-settings=\"{&quot;background_background&quot;:&quot;classic&quot;}\">\n\t\t\t\t\t<div class=\"e-con-inner\">\n\t\t\t\t<div class=\"elementor-element elementor-element-ec548f9 elementor-flip-box--3d elementor-flip-box--effect-flip elementor-flip-box--direction-up elementor-widget elementor-widget-flip-box\" data-id=\"ec548f9\" data-element_type=\"widget\" data-widget_type=\"flip-box.default\">\n\t\t\t\t<div class=\"elementor-widget-container\">\n\t\t\t\t\t\t\t<div class=\"elementor-flip-box\" tabindex=\"0\">\r\n\t\t\t<div class=\"elementor-flip-box__layer elementor-flip-box__front\">\r\n\t\t\t\t<div class=\"elementor-flip-box__layer__overlay\">\r\n\t\t\t\t\t<div class=\"elementor-flip-box__layer__inner\">\r\n\t\t\t\t\t\t\t\t\t\t\t\t\t<div class=\"elementor-flip-box__image\">\r\n\t\t\t\t\t\t\t\t<img loading=\"lazy\" decoding=\"async\" width=\"1000\" height=\"1100\" src=\"https:\/\/africadsnetwork.org\/wp-content\/uploads\/2024\/05\/WhatsApp-Image-2024-05-07-at-08.15.07_5440b4ee.jpg\" class=\"attachment-full size-full wp-image-735\" alt=\"\" srcset=\"https:\/\/africadsnetwork.org\/wp-content\/uploads\/2024\/05\/WhatsApp-Image-2024-05-07-at-08.15.07_5440b4ee.jpg 1000w, https:\/\/africadsnetwork.org\/wp-content\/uploads\/2024\/05\/WhatsApp-Image-2024-05-07-at-08.15.07_5440b4ee-273x300.jpg 273w, https:\/\/africadsnetwork.org\/wp-content\/uploads\/2024\/05\/WhatsApp-Image-2024-05-07-at-08.15.07_5440b4ee-931x1024.jpg 931w, https:\/\/africadsnetwork.org\/wp-content\/uploads\/2024\/05\/WhatsApp-Image-2024-05-07-at-08.15.07_5440b4ee-768x845.jpg 768w\" sizes=\"(max-width: 1000px) 100vw, 1000px\" \/>\t\t\t\t\t\t\t<\/div>\r\n\t\t\t\t\t\t\r\n\t\t\t\t\t\t\r\n\t\t\t\t\t\t\t\t\t\t\t<\/div>\r\n\t\t\t\t<\/div>\r\n\t\t\t<\/div>\r\n\t\t\t<div class=\"elementor-flip-box__layer elementor-flip-box__back\">\r\n\t\t\t<div class=\"elementor-flip-box__layer__overlay\">\r\n\t\t\t\t<div class=\"elementor-flip-box__layer__inner\">\r\n\t\t\t\t\t\t\t\t\t\t\t<h3 class=\"elementor-flip-box__layer__title\">\r\n\t\t\t\t\t\t\tWinD Recordings\t\t\t\t\t\t<\/h3>\r\n\t\t\t\t\t\r\n\t\t\t\t\t\r\n\t\t\t\t\t\t\t\t\t\t\t<a class=\"elementor-flip-box__button elementor-button elementor-size-sm\" href=\"https:\/\/www.youtube.com\/watch?v=zgLTGVCxpNo&#038;list=PLEXNjT_VDBvIEDJc4vHd-QxgclJ8e-p91\" target=\"_blank\" rel=\"noopener\">\r\n\t\t\t\t\t\t\tWatch Now\t\t\t\t\t\t<\/a>\r\n\t\t\t\t\t\t\t\t<\/div>\r\n\t\t<\/div>\r\n\t\t<\/div>\r\n\t\t<\/div>\r\n\t\t\t\t\t\t<\/div>\n\t\t\t\t<\/div>\n\t\t\t\t\t<\/div>\n\t\t\t\t<\/div>\n\t\t\t\t<\/div>\n\t\t\t\t\t<\/div>\n\t\t\t\t<\/div>\n\t\t\t\t\t<\/div>\n\t\t\t\t<\/div>\n\t\t\t\t<\/div>","protected":false},"excerpt":{"rendered":"<p>Providing Digital Tools to Empower Your Ministry Access resources that help you reach more people, disciple effectively, and grow your ministry with the latest digital strategies. Our curated tools and guides are designed to make your work easier and more impactful. List of Resources JesusFilm Project Read more mDescipleship Read more GodTools Read more GotQuestions [&hellip;]<\/p>\n","protected":false},"author":7,"featured_media":0,"parent":0,"menu_order":0,"comment_status":"closed","ping_status":"closed","template":"","meta":{"_acf_changed":false,"footnotes":""},"class_list":["post-998","page","type-page","status-publish","hentry"],"acf":[],"_links":{"self":[{"href":"https:\/\/africadsnetwork.org\/fr\/wp-json\/wp\/v2\/pages\/998","targetHints":{"allow":["GET"]}}],"collection":[{"href":"https:\/\/africadsnetwork.org\/fr\/wp-json\/wp\/v2\/pages"}],"about":[{"href":"https:\/\/africadsnetwork.org\/fr\/wp-json\/wp\/v2\/types\/page"}],"author":[{"embeddable":true,"href":"https:\/\/africadsnetwork.org\/fr\/wp-json\/wp\/v2\/users\/7"}],"replies":[{"embeddable":true,"href":"https:\/\/africadsnetwork.org\/fr\/wp-json\/wp\/v2\/comments?post=998"}],"version-history":[{"count":3,"href":"https:\/\/africadsnetwork.org\/fr\/wp-json\/wp\/v2\/pages\/998\/revisions"}],"predecessor-version":[{"id":1412,"href":"https:\/\/africadsnetwork.org\/fr\/wp-json\/wp\/v2\/pages\/998\/revisions\/1412"}],"wp:attachment":[{"href":"https:\/\/africadsnetwork.org\/fr\/wp-json\/wp\/v2\/media?parent=998"}],"curies":[{"name":"wp","href":"https:\/\/api.w.org\/{rel}","templated":true}]}}